{"id":9461,"date":"2023-12-06T10:06:30","date_gmt":"2023-12-06T10:06:30","guid":{"rendered":"http:\/\/bn.merianto.com\/erikoisratkaisut\/"},"modified":"2024-01-30T08:53:42","modified_gmt":"2024-01-30T08:53:42","slug":"erikoisratkaisut","status":"publish","type":"page","link":"https:\/\/merianto.com\/fi\/erikoisratkaisut\/","title":{"rendered":"Erikoisratkaisut"},"content":{"rendered":"\t\t<div data-elementor-type=\"wp-page\" data-elementor-id=\"9461\" class=\"elementor elementor-9461 elementor-4554\" data-elementor-post-type=\"page\">\n\t\t\t\t\t\t<section class=\"elementor-section elementor-top-section elementor-element elementor-element-cb6f302 elementor-section-height-min-height elementor-section-items-bottom elementor-section-boxed elementor-section-height-default elementor-invisible\" data-id=\"cb6f302\" data-element_type=\"section\" data-e-type=\"section\" data-settings=\"{&quot;background_background&quot;:&quot;classic&quot;,&quot;animation&quot;:&quot;fadeInDown&quot;}\">\n\t\t\t\t\t\t\t<div class=\"elementor-background-overlay\"><\/div>\n\t\t\t\t\t\t\t<div class=\"elementor-container elementor-column-gap-default\">\n\t\t\t\t\t<div class=\"elementor-column elementor-col-100 elementor-top-column elementor-element elementor-element-5fe1e47\" data-id=\"5fe1e47\" data-element_type=\"column\" data-e-type=\"column\">\n\t\t\t<div class=\"elementor-widget-wrap elementor-element-populated\">\n\t\t\t\t\t\t<div class=\"elementor-element elementor-element-72e623b elementor-widget elementor-widget-heading\" data-id=\"72e623b\" data-element_type=\"widget\" data-e-type=\"widget\" data-widget_type=\"heading.default\">\n\t\t\t\t<div class=\"elementor-widget-container\">\n\t\t\t\t\t<h1 class=\"elementor-heading-title elementor-size-default\">Erikoisratkaisut<\/h1>\t\t\t\t<\/div>\n\t\t\t\t<\/div>\n\t\t\t\t\t<\/div>\n\t\t<\/div>\n\t\t\t\t\t<\/div>\n\t\t<\/section>\n\t\t\t\t<section class=\"elementor-section elementor-top-section elementor-element elementor-element-b13733e elementor-section-height-min-height elementor-section-boxed elementor-section-height-default elementor-section-items-middle\" data-id=\"b13733e\" data-element_type=\"section\" data-e-type=\"section\">\n\t\t\t\t\t\t<div class=\"elementor-container elementor-column-gap-default\">\n\t\t\t\t\t<div class=\"elementor-column elementor-col-50 elementor-top-column elementor-element elementor-element-d2336cb\" data-id=\"d2336cb\" data-element_type=\"column\" data-e-type=\"column\">\n\t\t\t<div class=\"elementor-widget-wrap elementor-element-populated\">\n\t\t\t\t\t\t<div class=\"elementor-element elementor-element-be9ae36 elementor-invisible elementor-widget elementor-widget-text-editor\" data-id=\"be9ae36\" data-element_type=\"widget\" data-e-type=\"widget\" data-settings=\"{&quot;_animation&quot;:&quot;fadeInUp&quot;}\" data-widget_type=\"text-editor.default\">\n\t\t\t\t<div class=\"elementor-widget-container\">\n\t\t\t\t\t\t\t\t\t<p>Merkitt\u00e4v\u00e4n osan Merianton tuotannosta muodostavat r\u00e4\u00e4t\u00e4l\u00f6idyt erikoisratkaisut \u2013 asiakaskohtaisesti suunnitellut ja valmistetut ainutlaatuiset tuotteet, jotka vaativat perusteellista suunnittelua ja huippuammattitaitoa.<\/p>\n<p>T\u00e4h\u00e4n ryhm\u00e4\u00e4n kuuluvat erikoiskalusteiden lis\u00e4ksi esimerkiksi katto- ja sein\u00e4paneelit, oviportaalit, portaat ja muut rakenteelliset sisustuselementit.<\/p><\/p>\n\t\t\t\t\t\t\t\t<\/div>\n\t\t\t\t<\/div>\n\t\t\t\t\t<\/div>\n\t\t<\/div>\n\t\t\t\t<div class=\"elementor-column elementor-col-50 elementor-top-column elementor-element elementor-element-bdeae93\" data-id=\"bdeae93\" data-element_type=\"column\" data-e-type=\"column\">\n\t\t\t<div class=\"elementor-widget-wrap elementor-element-populated\">\n\t\t\t\t\t\t<div class=\"elementor-element elementor-element-83bc44e elementor-invisible elementor-widget elementor-widget-text-editor\" data-id=\"83bc44e\" data-element_type=\"widget\" data-e-type=\"widget\" data-settings=\"{&quot;_animation&quot;:&quot;fadeInUp&quot;}\" data-widget_type=\"text-editor.default\">\n\t\t\t\t<div class=\"elementor-widget-container\">\n\t\t\t\t\t\t\t\t\t<p>Nykyaikaiset materiaalit, tarvikkeet, j\u00e4rjestelm\u00e4t ja mekanismit tarjoavat l\u00e4hes &nbsp;rajattomat mahdollisuudet sisustussuunnitteluun. Klassisten kalustemateriaalien lis\u00e4ksi k\u00e4yt\u00e4mme p\u00e4ivitt\u00e4isess\u00e4 ty\u00f6ss\u00e4mme seuraavia erikoismateriaaleja:<\/p>\n<ul>\n<li>komposiitit: CORIAN, STARON SAMSUNG, DURAT, KERROCK, HI-MACS, MEGANITE, ABET Pral<\/li>\n<li>erilaiset muovit, lasimateriaalit, peilit<\/li>\n<li>alumiini, messinki, ter\u00e4s ja ruostumaton metalli.<\/li>\n<\/ul>\t\t\t\t\t\t\t\t<\/div>\n\t\t\t\t<\/div>\n\t\t\t\t\t<\/div>\n\t\t<\/div>\n\t\t\t\t\t<\/div>\n\t\t<\/section>\n\t\t\t\t<section class=\"elementor-section elementor-top-section elementor-element elementor-element-399cb01 elementor-section-boxed elementor-section-height-default elementor-section-height-default\" data-id=\"399cb01\" data-element_type=\"section\" data-e-type=\"section\">\n\t\t\t\t\t\t<div class=\"elementor-container elementor-column-gap-default\">\n\t\t\t\t\t<div class=\"elementor-column elementor-col-100 elementor-top-column elementor-element elementor-element-31b7dbc\" data-id=\"31b7dbc\" data-element_type=\"column\" data-e-type=\"column\">\n\t\t\t<div class=\"elementor-widget-wrap elementor-element-populated\">\n\t\t\t\t\t\t\t<\/div>\n\t\t<\/div>\n\t\t\t\t\t<\/div>\n\t\t<\/section>\n\t\t\t\t<\/div>\n\t\t","protected":false},"excerpt":{"rendered":"<p>Erikoisratkaisut Merkitt\u00e4v\u00e4n osan Merianton tuotannosta muodostavat r\u00e4\u00e4t\u00e4l\u00f6idyt erikoisratkaisut \u2013 asiakaskohtaisesti suunnitellut ja valmistetut ainutlaatuiset tuotteet, jotka vaativat perusteellista suunnittelua ja huippuammattitaitoa. T\u00e4h\u00e4n ryhm\u00e4\u00e4n kuuluvat erikoiskalusteiden lis\u00e4ksi esimerkiksi katto- ja sein\u00e4paneelit, oviportaalit, portaat ja muut rakenteelliset sisustuselementit. Nykyaikaiset materiaalit, tarvikkeet, j\u00e4rjestelm\u00e4t ja mekanismit tarjoavat l\u00e4hes &nbsp;rajattomat mahdollisuudet sisustussuunnitteluun. Klassisten kalustemateriaalien lis\u00e4ksi k\u00e4yt\u00e4mme p\u00e4ivitt\u00e4isess\u00e4 ty\u00f6ss\u00e4mme seuraavia erikoismateriaaleja: [&hellip;]<\/p>\n","protected":false},"author":2,"featured_media":0,"parent":0,"menu_order":0,"comment_status":"closed","ping_status":"closed","template":"elementor_header_footer","meta":{"_acf_changed":false,"footnotes":""},"class_list":["post-9461","page","type-page","status-publish","hentry"],"acf":[],"_links":{"self":[{"href":"https:\/\/merianto.com\/fi\/wp-json\/wp\/v2\/pages\/9461","targetHints":{"allow":["GET"]}}],"collection":[{"href":"https:\/\/merianto.com\/fi\/wp-json\/wp\/v2\/pages"}],"about":[{"href":"https:\/\/merianto.com\/fi\/wp-json\/wp\/v2\/types\/page"}],"author":[{"embeddable":true,"href":"https:\/\/merianto.com\/fi\/wp-json\/wp\/v2\/users\/2"}],"replies":[{"embeddable":true,"href":"https:\/\/merianto.com\/fi\/wp-json\/wp\/v2\/comments?post=9461"}],"version-history":[{"count":1,"href":"https:\/\/merianto.com\/fi\/wp-json\/wp\/v2\/pages\/9461\/revisions"}],"predecessor-version":[{"id":9462,"href":"https:\/\/merianto.com\/fi\/wp-json\/wp\/v2\/pages\/9461\/revisions\/9462"}],"wp:attachment":[{"href":"https:\/\/merianto.com\/fi\/wp-json\/wp\/v2\/media?parent=9461"}],"curies":[{"name":"wp","href":"https:\/\/api.w.org\/{rel}","templated":true}]}}