{"id":9459,"date":"2023-12-06T09:54:51","date_gmt":"2023-12-06T09:54:51","guid":{"rendered":"http:\/\/bn.merianto.com\/keittiot-ja-naulakot\/"},"modified":"2024-01-30T08:49:22","modified_gmt":"2024-01-30T08:49:22","slug":"keittiot-ja-naulakot","status":"publish","type":"page","link":"https:\/\/merianto.com\/fi\/keittiot-ja-naulakot\/","title":{"rendered":"Keitti\u00f6t ja naulakot"},"content":{"rendered":"\t\t<div data-elementor-type=\"wp-page\" data-elementor-id=\"9459\" class=\"elementor elementor-9459 elementor-4534\" data-elementor-post-type=\"page\">\n\t\t\t\t\t\t<section class=\"elementor-section elementor-top-section elementor-element elementor-element-cb6f302 elementor-section-height-min-height elementor-section-items-bottom elementor-section-boxed elementor-section-height-default elementor-invisible\" data-id=\"cb6f302\" data-element_type=\"section\" data-e-type=\"section\" data-settings=\"{&quot;background_background&quot;:&quot;classic&quot;,&quot;animation&quot;:&quot;fadeInDown&quot;}\">\n\t\t\t\t\t\t\t<div class=\"elementor-background-overlay\"><\/div>\n\t\t\t\t\t\t\t<div class=\"elementor-container elementor-column-gap-default\">\n\t\t\t\t\t<div class=\"elementor-column elementor-col-100 elementor-top-column elementor-element elementor-element-5fe1e47\" data-id=\"5fe1e47\" data-element_type=\"column\" data-e-type=\"column\">\n\t\t\t<div class=\"elementor-widget-wrap elementor-element-populated\">\n\t\t\t\t\t\t<div class=\"elementor-element elementor-element-72e623b elementor-widget elementor-widget-heading\" data-id=\"72e623b\" data-element_type=\"widget\" data-e-type=\"widget\" data-widget_type=\"heading.default\">\n\t\t\t\t<div class=\"elementor-widget-container\">\n\t\t\t\t\t<h1 class=\"elementor-heading-title elementor-size-default\">Keitti\u00f6t ja naulakot<\/h1>\t\t\t\t<\/div>\n\t\t\t\t<\/div>\n\t\t\t\t\t<\/div>\n\t\t<\/div>\n\t\t\t\t\t<\/div>\n\t\t<\/section>\n\t\t\t\t<section class=\"elementor-section elementor-top-section elementor-element elementor-element-b13733e elementor-section-height-min-height elementor-section-boxed elementor-section-height-default elementor-section-items-middle\" data-id=\"b13733e\" data-element_type=\"section\" data-e-type=\"section\">\n\t\t\t\t\t\t<div class=\"elementor-container elementor-column-gap-default\">\n\t\t\t\t\t<div class=\"elementor-column elementor-col-50 elementor-top-column elementor-element elementor-element-d2336cb\" data-id=\"d2336cb\" data-element_type=\"column\" data-e-type=\"column\">\n\t\t\t<div class=\"elementor-widget-wrap elementor-element-populated\">\n\t\t\t\t\t\t<div class=\"elementor-element elementor-element-be9ae36 elementor-invisible elementor-widget elementor-widget-text-editor\" data-id=\"be9ae36\" data-element_type=\"widget\" data-e-type=\"widget\" data-settings=\"{&quot;_animation&quot;:&quot;fadeInUp&quot;}\" data-widget_type=\"text-editor.default\">\n\t\t\t\t<div class=\"elementor-widget-container\">\n\t\t\t\t\t\t\t\t\t<p>Keitti\u00f6t ja naulakot ovat kaksi tuoteryhm\u00e4\u00e4, joita kaikki yritykset ja laitokset tarvitsevat riippumatta niiden koosta. Merianto on vuosien varrella valmistanut ja toimittanut lukemattomia keitti\u00f6it\u00e4 ja naulakoita sek\u00e4 yritys- ett\u00e4 yksityisasiakkaille. Tuotteita suunnitellessamme l\u00e4ht\u00f6kohtana on yleens\u00e4 arkkitehdin tai sisustussuunnittelijan luonnos ja asiakkaiden konkreettiset toiveet. Lopullinen ratkaisu syntyy yhteisty\u00f6ss\u00e4. Autamme asiakkaita tekem\u00e4\u00e4n k\u00e4yt\u00e4nn\u00f6llisi\u00e4 p\u00e4\u00e4t\u00f6ksi\u00e4 huonekalujen suunnittelussa, teknisiss\u00e4 ratkaisuissa, viimeistelymateriaaleissa ja laitevalinnoissa.<\/p>\n\t\t\t\t\t\t\t\t<\/div>\n\t\t\t\t<\/div>\n\t\t\t\t\t<\/div>\n\t\t<\/div>\n\t\t\t\t<div class=\"elementor-column elementor-col-50 elementor-top-column elementor-element elementor-element-bdeae93\" data-id=\"bdeae93\" data-element_type=\"column\" data-e-type=\"column\">\n\t\t\t<div class=\"elementor-widget-wrap elementor-element-populated\">\n\t\t\t\t\t\t<div class=\"elementor-element elementor-element-83bc44e elementor-invisible elementor-widget elementor-widget-text-editor\" data-id=\"83bc44e\" data-element_type=\"widget\" data-e-type=\"widget\" data-settings=\"{&quot;_animation&quot;:&quot;fadeInUp&quot;}\" data-widget_type=\"text-editor.default\">\n\t\t\t\t<div class=\"elementor-widget-container\">\n\t\t\t\t\t\t\t\t\t<p>Pitk\u00e4n kokemuksen, hyv\u00e4n materiaalituntemuksen sek\u00e4 laajan materiaali- ja lis\u00e4tarvikevalikoiman ansiosta voimme tarjota asiakkaillemme optimaalisia ratkaisuja, joissa on otettu huomioon tilaajan esitt\u00e4m\u00e4t ulkon\u00e4k\u00f6-, laatu- ja hintatoiveet.<\/p>\n\t\t\t\t\t\t\t\t<\/div>\n\t\t\t\t<\/div>\n\t\t\t\t\t<\/div>\n\t\t<\/div>\n\t\t\t\t\t<\/div>\n\t\t<\/section>\n\t\t\t\t<section class=\"elementor-section elementor-top-section elementor-element elementor-element-399cb01 elementor-section-boxed elementor-section-height-default elementor-section-height-default\" data-id=\"399cb01\" data-element_type=\"section\" data-e-type=\"section\">\n\t\t\t\t\t\t<div class=\"elementor-container elementor-column-gap-default\">\n\t\t\t\t\t<div class=\"elementor-column elementor-col-100 elementor-top-column elementor-element elementor-element-31b7dbc\" data-id=\"31b7dbc\" data-element_type=\"column\" data-e-type=\"column\">\n\t\t\t<div class=\"elementor-widget-wrap elementor-element-populated\">\n\t\t\t\t\t\t\t<\/div>\n\t\t<\/div>\n\t\t\t\t\t<\/div>\n\t\t<\/section>\n\t\t\t\t<\/div>\n\t\t","protected":false},"excerpt":{"rendered":"<p>Keitti\u00f6t ja naulakot Keitti\u00f6t ja naulakot ovat kaksi tuoteryhm\u00e4\u00e4, joita kaikki yritykset ja laitokset tarvitsevat riippumatta niiden koosta. Merianto on vuosien varrella valmistanut ja toimittanut lukemattomia keitti\u00f6it\u00e4 ja naulakoita sek\u00e4 yritys- ett\u00e4 yksityisasiakkaille. Tuotteita suunnitellessamme l\u00e4ht\u00f6kohtana on yleens\u00e4 arkkitehdin tai sisustussuunnittelijan luonnos ja asiakkaiden konkreettiset toiveet. Lopullinen ratkaisu syntyy yhteisty\u00f6ss\u00e4. Autamme asiakkaita tekem\u00e4\u00e4n k\u00e4yt\u00e4nn\u00f6llisi\u00e4 p\u00e4\u00e4t\u00f6ksi\u00e4 [&hellip;]<\/p>\n","protected":false},"author":2,"featured_media":0,"parent":0,"menu_order":0,"comment_status":"closed","ping_status":"closed","template":"elementor_header_footer","meta":{"_acf_changed":false,"footnotes":""},"class_list":["post-9459","page","type-page","status-publish","hentry"],"acf":[],"_links":{"self":[{"href":"https:\/\/merianto.com\/fi\/wp-json\/wp\/v2\/pages\/9459","targetHints":{"allow":["GET"]}}],"collection":[{"href":"https:\/\/merianto.com\/fi\/wp-json\/wp\/v2\/pages"}],"about":[{"href":"https:\/\/merianto.com\/fi\/wp-json\/wp\/v2\/types\/page"}],"author":[{"embeddable":true,"href":"https:\/\/merianto.com\/fi\/wp-json\/wp\/v2\/users\/2"}],"replies":[{"embeddable":true,"href":"https:\/\/merianto.com\/fi\/wp-json\/wp\/v2\/comments?post=9459"}],"version-history":[{"count":1,"href":"https:\/\/merianto.com\/fi\/wp-json\/wp\/v2\/pages\/9459\/revisions"}],"predecessor-version":[{"id":9460,"href":"https:\/\/merianto.com\/fi\/wp-json\/wp\/v2\/pages\/9459\/revisions\/9460"}],"wp:attachment":[{"href":"https:\/\/merianto.com\/fi\/wp-json\/wp\/v2\/media?parent=9459"}],"curies":[{"name":"wp","href":"https:\/\/api.w.org\/{rel}","templated":true}]}}