{"id":9457,"date":"2023-12-06T09:52:37","date_gmt":"2023-12-06T09:52:37","guid":{"rendered":"http:\/\/bn.merianto.com\/edustuskalusteet\/"},"modified":"2024-01-30T08:47:14","modified_gmt":"2024-01-30T08:47:14","slug":"edustuskalusteet","status":"publish","type":"page","link":"https:\/\/merianto.com\/fi\/edustuskalusteet\/","title":{"rendered":"Edustuskalusteet"},"content":{"rendered":"\t\t<div data-elementor-type=\"wp-page\" data-elementor-id=\"9457\" class=\"elementor elementor-9457 elementor-4526\" data-elementor-post-type=\"page\">\n\t\t\t\t\t\t<section class=\"elementor-section elementor-top-section elementor-element elementor-element-cb6f302 elementor-section-height-min-height elementor-section-items-bottom elementor-section-boxed elementor-section-height-default elementor-invisible\" data-id=\"cb6f302\" data-element_type=\"section\" data-e-type=\"section\" data-settings=\"{&quot;background_background&quot;:&quot;classic&quot;,&quot;animation&quot;:&quot;fadeInDown&quot;}\">\n\t\t\t\t\t\t\t<div class=\"elementor-background-overlay\"><\/div>\n\t\t\t\t\t\t\t<div class=\"elementor-container elementor-column-gap-default\">\n\t\t\t\t\t<div class=\"elementor-column elementor-col-100 elementor-top-column elementor-element elementor-element-5fe1e47\" data-id=\"5fe1e47\" data-element_type=\"column\" data-e-type=\"column\">\n\t\t\t<div class=\"elementor-widget-wrap elementor-element-populated\">\n\t\t\t\t\t\t<div class=\"elementor-element elementor-element-72e623b elementor-widget elementor-widget-heading\" data-id=\"72e623b\" data-element_type=\"widget\" data-e-type=\"widget\" data-widget_type=\"heading.default\">\n\t\t\t\t<div class=\"elementor-widget-container\">\n\t\t\t\t\t<h1 class=\"elementor-heading-title elementor-size-default\">Edustuskalusteet<\/h1>\t\t\t\t<\/div>\n\t\t\t\t<\/div>\n\t\t\t\t\t<\/div>\n\t\t<\/div>\n\t\t\t\t\t<\/div>\n\t\t<\/section>\n\t\t\t\t<section class=\"elementor-section elementor-top-section elementor-element elementor-element-b13733e elementor-section-height-min-height elementor-section-boxed elementor-section-height-default elementor-section-items-middle\" data-id=\"b13733e\" data-element_type=\"section\" data-e-type=\"section\">\n\t\t\t\t\t\t<div class=\"elementor-container elementor-column-gap-default\">\n\t\t\t\t\t<div class=\"elementor-column elementor-col-50 elementor-top-column elementor-element elementor-element-d2336cb\" data-id=\"d2336cb\" data-element_type=\"column\" data-e-type=\"column\">\n\t\t\t<div class=\"elementor-widget-wrap elementor-element-populated\">\n\t\t\t\t\t\t<div class=\"elementor-element elementor-element-be9ae36 elementor-invisible elementor-widget elementor-widget-text-editor\" data-id=\"be9ae36\" data-element_type=\"widget\" data-e-type=\"widget\" data-settings=\"{&quot;_animation&quot;:&quot;fadeInUp&quot;}\" data-widget_type=\"text-editor.default\">\n\t\t\t\t<div class=\"elementor-widget-container\">\n\t\t\t\t\t\t\t\t\t<p>Kalusteet viestiv\u00e4t sanomaa. Edustuskalusteet ovat usein yrityksen edustustiloihin, kuten sis\u00e4\u00e4ntuloauloihin, vastaanottoalueille ja odotustiloihin, r\u00e4\u00e4t\u00e4l\u00f6ityj\u00e4 ja huolellisesti valittuja kalustusratkaisuja. Helppok\u00e4ytt\u00f6isyyden ja k\u00e4yt\u00e4nn\u00f6llisyyden lis\u00e4ksi edustuskalusteiden teht\u00e4v\u00e4n\u00e4 on v\u00e4litt\u00e4\u00e4 yrityksen identiteetti\u00e4, br\u00e4ndin tyyli\u00e4 ja kokonaiskuvaa. Muotoilun, materiaalien ja v\u00e4rien kautta huonekalut edist\u00e4v\u00e4t my\u00f6nteisen ensivaikutelman luomista asiakkaille, vieraille ja ty\u00f6ntekij\u00f6ille samalla, kun ne sulautuvat saumattomasti yrityksen visuaaliseen ilmeeseen.<\/p>\n\t\t\t\t\t\t\t\t<\/div>\n\t\t\t\t<\/div>\n\t\t\t\t\t<\/div>\n\t\t<\/div>\n\t\t\t\t<div class=\"elementor-column elementor-col-50 elementor-top-column elementor-element elementor-element-bdeae93\" data-id=\"bdeae93\" data-element_type=\"column\" data-e-type=\"column\">\n\t\t\t<div class=\"elementor-widget-wrap elementor-element-populated\">\n\t\t\t\t\t\t<div class=\"elementor-element elementor-element-83bc44e elementor-invisible elementor-widget elementor-widget-text-editor\" data-id=\"83bc44e\" data-element_type=\"widget\" data-e-type=\"widget\" data-settings=\"{&quot;_animation&quot;:&quot;fadeInUp&quot;}\" data-widget_type=\"text-editor.default\">\n\t\t\t\t<div class=\"elementor-widget-container\">\n\t\t\t\t\t\t\t\t\t<p>Edustuskalusteita ovat muun muassa:<\/p>\n<ul>\n<li>vastaanottotiskit ja -p\u00f6yd\u00e4t<\/li>\n<li>odotustilojen kalusteet, sohvat, p\u00f6yd\u00e4t, kahvinurkkaukset<\/li>\n<li>sein\u00e4- ja kattopaneelit, paneloinnit, oviportaalit, reuna- ja kattolistat<\/li>\n<li>ilmoitustaulut, logot, valaistusratkaisut.<\/li>\n<\/ul>\t\t\t\t\t\t\t\t<\/div>\n\t\t\t\t<\/div>\n\t\t\t\t\t<\/div>\n\t\t<\/div>\n\t\t\t\t\t<\/div>\n\t\t<\/section>\n\t\t\t\t<section class=\"elementor-section elementor-top-section elementor-element elementor-element-399cb01 elementor-section-boxed elementor-section-height-default elementor-section-height-default\" data-id=\"399cb01\" data-element_type=\"section\" data-e-type=\"section\">\n\t\t\t\t\t\t<div class=\"elementor-container elementor-column-gap-default\">\n\t\t\t\t\t<div class=\"elementor-column elementor-col-100 elementor-top-column elementor-element elementor-element-31b7dbc\" data-id=\"31b7dbc\" data-element_type=\"column\" data-e-type=\"column\">\n\t\t\t<div class=\"elementor-widget-wrap elementor-element-populated\">\n\t\t\t\t\t\t\t<\/div>\n\t\t<\/div>\n\t\t\t\t\t<\/div>\n\t\t<\/section>\n\t\t\t\t<\/div>\n\t\t","protected":false},"excerpt":{"rendered":"<p>Edustuskalusteet Kalusteet viestiv\u00e4t sanomaa. Edustuskalusteet ovat usein yrityksen edustustiloihin, kuten sis\u00e4\u00e4ntuloauloihin, vastaanottoalueille ja odotustiloihin, r\u00e4\u00e4t\u00e4l\u00f6ityj\u00e4 ja huolellisesti valittuja kalustusratkaisuja. Helppok\u00e4ytt\u00f6isyyden ja k\u00e4yt\u00e4nn\u00f6llisyyden lis\u00e4ksi edustuskalusteiden teht\u00e4v\u00e4n\u00e4 on v\u00e4litt\u00e4\u00e4 yrityksen identiteetti\u00e4, br\u00e4ndin tyyli\u00e4 ja kokonaiskuvaa. Muotoilun, materiaalien ja v\u00e4rien kautta huonekalut edist\u00e4v\u00e4t my\u00f6nteisen ensivaikutelman luomista asiakkaille, vieraille ja ty\u00f6ntekij\u00f6ille samalla, kun ne sulautuvat saumattomasti yrityksen visuaaliseen ilmeeseen. [&hellip;]<\/p>\n","protected":false},"author":2,"featured_media":0,"parent":0,"menu_order":0,"comment_status":"closed","ping_status":"closed","template":"elementor_header_footer","meta":{"_acf_changed":false,"footnotes":""},"class_list":["post-9457","page","type-page","status-publish","hentry"],"acf":[],"_links":{"self":[{"href":"https:\/\/merianto.com\/fi\/wp-json\/wp\/v2\/pages\/9457","targetHints":{"allow":["GET"]}}],"collection":[{"href":"https:\/\/merianto.com\/fi\/wp-json\/wp\/v2\/pages"}],"about":[{"href":"https:\/\/merianto.com\/fi\/wp-json\/wp\/v2\/types\/page"}],"author":[{"embeddable":true,"href":"https:\/\/merianto.com\/fi\/wp-json\/wp\/v2\/users\/2"}],"replies":[{"embeddable":true,"href":"https:\/\/merianto.com\/fi\/wp-json\/wp\/v2\/comments?post=9457"}],"version-history":[{"count":1,"href":"https:\/\/merianto.com\/fi\/wp-json\/wp\/v2\/pages\/9457\/revisions"}],"predecessor-version":[{"id":9458,"href":"https:\/\/merianto.com\/fi\/wp-json\/wp\/v2\/pages\/9457\/revisions\/9458"}],"wp:attachment":[{"href":"https:\/\/merianto.com\/fi\/wp-json\/wp\/v2\/media?parent=9457"}],"curies":[{"name":"wp","href":"https:\/\/api.w.org\/{rel}","templated":true}]}}