{"id":9455,"date":"2023-12-06T09:50:50","date_gmt":"2023-12-06T09:50:50","guid":{"rendered":"http:\/\/bn.merianto.com\/koulu-ja-paivakoti\/"},"modified":"2024-01-30T08:43:02","modified_gmt":"2024-01-30T08:43:02","slug":"koulu-ja-paivakoti","status":"publish","type":"page","link":"https:\/\/merianto.com\/fi\/koulu-ja-paivakoti\/","title":{"rendered":"Koulu ja p\u00e4iv\u00e4koti"},"content":{"rendered":"\t\t<div data-elementor-type=\"wp-page\" data-elementor-id=\"9455\" class=\"elementor elementor-9455 elementor-4521\" data-elementor-post-type=\"page\">\n\t\t\t\t\t\t<section class=\"elementor-section elementor-top-section elementor-element elementor-element-cb6f302 elementor-section-height-min-height elementor-section-items-bottom elementor-section-boxed elementor-section-height-default elementor-invisible\" data-id=\"cb6f302\" data-element_type=\"section\" data-e-type=\"section\" data-settings=\"{&quot;background_background&quot;:&quot;classic&quot;,&quot;animation&quot;:&quot;fadeInDown&quot;}\">\n\t\t\t\t\t\t\t<div class=\"elementor-background-overlay\"><\/div>\n\t\t\t\t\t\t\t<div class=\"elementor-container elementor-column-gap-default\">\n\t\t\t\t\t<div class=\"elementor-column elementor-col-100 elementor-top-column elementor-element elementor-element-5fe1e47\" data-id=\"5fe1e47\" data-element_type=\"column\" data-e-type=\"column\">\n\t\t\t<div class=\"elementor-widget-wrap elementor-element-populated\">\n\t\t\t\t\t\t<div class=\"elementor-element elementor-element-72e623b elementor-widget elementor-widget-heading\" data-id=\"72e623b\" data-element_type=\"widget\" data-e-type=\"widget\" data-widget_type=\"heading.default\">\n\t\t\t\t<div class=\"elementor-widget-container\">\n\t\t\t\t\t<h1 class=\"elementor-heading-title elementor-size-default\">Koulu ja p\u00e4iv\u00e4koti<\/h1>\t\t\t\t<\/div>\n\t\t\t\t<\/div>\n\t\t\t\t\t<\/div>\n\t\t<\/div>\n\t\t\t\t\t<\/div>\n\t\t<\/section>\n\t\t\t\t<section class=\"elementor-section elementor-top-section elementor-element elementor-element-b13733e elementor-section-height-min-height elementor-section-boxed elementor-section-height-default elementor-section-items-middle\" data-id=\"b13733e\" data-element_type=\"section\" data-e-type=\"section\">\n\t\t\t\t\t\t<div class=\"elementor-container elementor-column-gap-default\">\n\t\t\t\t\t<div class=\"elementor-column elementor-col-50 elementor-top-column elementor-element elementor-element-d2336cb\" data-id=\"d2336cb\" data-element_type=\"column\" data-e-type=\"column\">\n\t\t\t<div class=\"elementor-widget-wrap elementor-element-populated\">\n\t\t\t\t\t\t<div class=\"elementor-element elementor-element-be9ae36 elementor-invisible elementor-widget elementor-widget-text-editor\" data-id=\"be9ae36\" data-element_type=\"widget\" data-e-type=\"widget\" data-settings=\"{&quot;_animation&quot;:&quot;fadeInUp&quot;}\" data-widget_type=\"text-editor.default\">\n\t\t\t\t<div class=\"elementor-widget-container\">\n\t\t\t\t\t\t\t\t\t<p>Merianto on erikoistunut r\u00e4\u00e4t\u00e4l\u00f6ityjen sisustustuotteiden valmistukseen oppilaitoksille, kouluille ja p\u00e4iv\u00e4kodeille. Tarjoamme monipuolisia ja k\u00e4yt\u00e4nn\u00f6llisi\u00e4 ratkaisuja, jotka vastaavat oppilaitosten tarpeita ja luovat innostavan ja edist\u00e4v\u00e4n oppimisymp\u00e4rist\u00f6n. Olivatpa kyseess\u00e4 luokkahuoneet, naulakot, opettajien huoneet tai leikkialueet, otamme huomioon kaikki yksityiskohdat luodaksemme tilan, joka edist\u00e4\u00e4 oppilaiden kehityst\u00e4 ja hyvinvointia. Projektien toteutuksessa hyvin\u00e4 kumppaneinamme toimivat erilaiset arkkitehtitoimistot ja sisustussuunnittelijat, joiden kanssa olemme vuosien varrella sisustaneet useita kouluja ja p\u00e4iv\u00e4koteja Virossa ja Suomessa.<\/p>\n\t\t\t\t\t\t\t\t<\/div>\n\t\t\t\t<\/div>\n\t\t\t\t\t<\/div>\n\t\t<\/div>\n\t\t\t\t<div class=\"elementor-column elementor-col-50 elementor-top-column elementor-element elementor-element-bdeae93\" data-id=\"bdeae93\" data-element_type=\"column\" data-e-type=\"column\">\n\t\t\t<div class=\"elementor-widget-wrap elementor-element-populated\">\n\t\t\t\t\t\t<div class=\"elementor-element elementor-element-83bc44e elementor-invisible elementor-widget elementor-widget-text-editor\" data-id=\"83bc44e\" data-element_type=\"widget\" data-e-type=\"widget\" data-settings=\"{&quot;_animation&quot;:&quot;fadeInUp&quot;}\" data-widget_type=\"text-editor.default\">\n\t\t\t\t<div class=\"elementor-widget-container\">\n\t\t\t\t\t\t\t\t\t<p>T\u00e4rkeimm\u00e4t toimitettavat tuotteet ovat:<\/p>\n<ul>\n<li>pukuhuoneiden kalusteet: naulakot, penkit, vaatekaapit, lokerokaapit, hyllyj\u00e4rjestelm\u00e4t ja kenk\u00e4telineet<\/li>\n<li>opetuskeitti\u00f6t, henkil\u00f6kunnan keitti\u00f6t<\/li>\n<li>lepohuoneiden kalusteet: s\u00e4nkykaapit, vaatekaapit<\/li>\n<li>pesuhuonekalusteet: pukukopit, ruostumattomasta ter\u00e4ksest\u00e4 tai komposiitista valmistetut pesuallastasot, peilikaapit<\/li>\n<li>luokkahuoneen kalusteet: taulukaapit, kirjahyllyt, oppimateriaalikaapit, opettajap\u00f6yd\u00e4t, puolapuut<\/li>\n<li>edustuskalusteet: tiskit, vitriinit.<\/li>\n<\/ul>\n\t\t\t\t\t\t\t\t<\/div>\n\t\t\t\t<\/div>\n\t\t\t\t\t<\/div>\n\t\t<\/div>\n\t\t\t\t\t<\/div>\n\t\t<\/section>\n\t\t\t\t<section class=\"elementor-section elementor-top-section elementor-element elementor-element-399cb01 elementor-section-boxed elementor-section-height-default elementor-section-height-default\" data-id=\"399cb01\" data-element_type=\"section\" data-e-type=\"section\">\n\t\t\t\t\t\t<div class=\"elementor-container elementor-column-gap-default\">\n\t\t\t\t\t<div class=\"elementor-column elementor-col-100 elementor-top-column elementor-element elementor-element-31b7dbc\" data-id=\"31b7dbc\" data-element_type=\"column\" data-e-type=\"column\">\n\t\t\t<div class=\"elementor-widget-wrap elementor-element-populated\">\n\t\t\t\t\t\t\t<\/div>\n\t\t<\/div>\n\t\t\t\t\t<\/div>\n\t\t<\/section>\n\t\t\t\t<\/div>\n\t\t","protected":false},"excerpt":{"rendered":"<p>Koulu ja p\u00e4iv\u00e4koti Merianto on erikoistunut r\u00e4\u00e4t\u00e4l\u00f6ityjen sisustustuotteiden valmistukseen oppilaitoksille, kouluille ja p\u00e4iv\u00e4kodeille. Tarjoamme monipuolisia ja k\u00e4yt\u00e4nn\u00f6llisi\u00e4 ratkaisuja, jotka vastaavat oppilaitosten tarpeita ja luovat innostavan ja edist\u00e4v\u00e4n oppimisymp\u00e4rist\u00f6n. Olivatpa kyseess\u00e4 luokkahuoneet, naulakot, opettajien huoneet tai leikkialueet, otamme huomioon kaikki yksityiskohdat luodaksemme tilan, joka edist\u00e4\u00e4 oppilaiden kehityst\u00e4 ja hyvinvointia. Projektien toteutuksessa hyvin\u00e4 kumppaneinamme toimivat erilaiset arkkitehtitoimistot [&hellip;]<\/p>\n","protected":false},"author":2,"featured_media":0,"parent":0,"menu_order":0,"comment_status":"closed","ping_status":"closed","template":"elementor_header_footer","meta":{"_acf_changed":false,"footnotes":""},"class_list":["post-9455","page","type-page","status-publish","hentry"],"acf":[],"_links":{"self":[{"href":"https:\/\/merianto.com\/fi\/wp-json\/wp\/v2\/pages\/9455","targetHints":{"allow":["GET"]}}],"collection":[{"href":"https:\/\/merianto.com\/fi\/wp-json\/wp\/v2\/pages"}],"about":[{"href":"https:\/\/merianto.com\/fi\/wp-json\/wp\/v2\/types\/page"}],"author":[{"embeddable":true,"href":"https:\/\/merianto.com\/fi\/wp-json\/wp\/v2\/users\/2"}],"replies":[{"embeddable":true,"href":"https:\/\/merianto.com\/fi\/wp-json\/wp\/v2\/comments?post=9455"}],"version-history":[{"count":1,"href":"https:\/\/merianto.com\/fi\/wp-json\/wp\/v2\/pages\/9455\/revisions"}],"predecessor-version":[{"id":9456,"href":"https:\/\/merianto.com\/fi\/wp-json\/wp\/v2\/pages\/9455\/revisions\/9456"}],"wp:attachment":[{"href":"https:\/\/merianto.com\/fi\/wp-json\/wp\/v2\/media?parent=9455"}],"curies":[{"name":"wp","href":"https:\/\/api.w.org\/{rel}","templated":true}]}}