{"id":9450,"date":"2023-12-06T09:41:22","date_gmt":"2023-12-06T09:41:22","guid":{"rendered":"http:\/\/bn.merianto.com\/toimisto\/"},"modified":"2024-01-30T08:40:33","modified_gmt":"2024-01-30T08:40:33","slug":"toimisto","status":"publish","type":"page","link":"https:\/\/merianto.com\/fi\/toimisto\/","title":{"rendered":"Toimisto"},"content":{"rendered":"\t\t<div data-elementor-type=\"wp-page\" data-elementor-id=\"9450\" class=\"elementor elementor-9450 elementor-4505\" data-elementor-post-type=\"page\">\n\t\t\t\t\t\t<section class=\"elementor-section elementor-top-section elementor-element elementor-element-cb6f302 elementor-section-height-min-height elementor-section-items-bottom elementor-section-boxed elementor-section-height-default elementor-invisible\" data-id=\"cb6f302\" data-element_type=\"section\" data-e-type=\"section\" data-settings=\"{&quot;background_background&quot;:&quot;classic&quot;,&quot;animation&quot;:&quot;fadeInDown&quot;}\">\n\t\t\t\t\t\t\t<div class=\"elementor-background-overlay\"><\/div>\n\t\t\t\t\t\t\t<div class=\"elementor-container elementor-column-gap-default\">\n\t\t\t\t\t<div class=\"elementor-column elementor-col-100 elementor-top-column elementor-element elementor-element-5fe1e47\" data-id=\"5fe1e47\" data-element_type=\"column\" data-e-type=\"column\">\n\t\t\t<div class=\"elementor-widget-wrap elementor-element-populated\">\n\t\t\t\t\t\t<div class=\"elementor-element elementor-element-72e623b elementor-widget elementor-widget-heading\" data-id=\"72e623b\" data-element_type=\"widget\" data-e-type=\"widget\" data-widget_type=\"heading.default\">\n\t\t\t\t<div class=\"elementor-widget-container\">\n\t\t\t\t\t<h1 class=\"elementor-heading-title elementor-size-default\">Toimisto<\/h1>\t\t\t\t<\/div>\n\t\t\t\t<\/div>\n\t\t\t\t\t<\/div>\n\t\t<\/div>\n\t\t\t\t\t<\/div>\n\t\t<\/section>\n\t\t\t\t<section class=\"elementor-section elementor-top-section elementor-element elementor-element-b13733e elementor-section-height-min-height elementor-section-boxed elementor-section-height-default elementor-section-items-middle\" data-id=\"b13733e\" data-element_type=\"section\" data-e-type=\"section\">\n\t\t\t\t\t\t<div class=\"elementor-container elementor-column-gap-default\">\n\t\t\t\t\t<div class=\"elementor-column elementor-col-50 elementor-top-column elementor-element elementor-element-d2336cb\" data-id=\"d2336cb\" data-element_type=\"column\" data-e-type=\"column\">\n\t\t\t<div class=\"elementor-widget-wrap elementor-element-populated\">\n\t\t\t\t\t\t<div class=\"elementor-element elementor-element-be9ae36 elementor-invisible elementor-widget elementor-widget-text-editor\" data-id=\"be9ae36\" data-element_type=\"widget\" data-e-type=\"widget\" data-settings=\"{&quot;_animation&quot;:&quot;fadeInUp&quot;}\" data-widget_type=\"text-editor.default\">\n\t\t\t\t<div class=\"elementor-widget-container\">\n\t\t\t\t\t\t\t\t\t<p>Merianto on erikoistunut toimistotilojen sisustusratkaisujen suunnitteluun ja toteutukseen. L\u00e4hdemme liikkeelle asiakkaiden ja sisustussuunnittelijoiden odotuksista ja vaatimuksista. Tavoitteenamme on valmistaa tuotteita, jotka auttavat luomaan inspiroivan ja ty\u00f6tehokkuutta edist\u00e4v\u00e4n ymp\u00e4rist\u00f6n. Sisustuksen k\u00e4yt\u00e4nn\u00f6llisyyden ohella ratkaisujen esteettisyys on eritt\u00e4in t\u00e4rke\u00e4\u00e4, sill\u00e4 se auttaa heijastamaan yrityksen uniikkia tyyli\u00e4. Olemme vakuuttuneita siit\u00e4, ett\u00e4 huolella suunnitellut kalusteet voivat toimia yrityksen k\u00e4yntikorttina kuvastaen yrityksen arvoja ja edist\u00e4en sen imagoa. Erikoisratkaisujen lis\u00e4ksi tarjoamme laajan valikoiman vakiomallisia toimistokalustesarjoja.<\/p>\n\t\t\t\t\t\t\t\t<\/div>\n\t\t\t\t<\/div>\n\t\t\t\t\t<\/div>\n\t\t<\/div>\n\t\t\t\t<div class=\"elementor-column elementor-col-50 elementor-top-column elementor-element elementor-element-bdeae93\" data-id=\"bdeae93\" data-element_type=\"column\" data-e-type=\"column\">\n\t\t\t<div class=\"elementor-widget-wrap elementor-element-populated\">\n\t\t\t\t\t\t<div class=\"elementor-element elementor-element-83bc44e elementor-invisible elementor-widget elementor-widget-text-editor\" data-id=\"83bc44e\" data-element_type=\"widget\" data-e-type=\"widget\" data-settings=\"{&quot;_animation&quot;:&quot;fadeInUp&quot;}\" data-widget_type=\"text-editor.default\">\n\t\t\t\t<div class=\"elementor-widget-container\">\n\t\t\t\t\t\t\t\t\t<p>Tuotevalikoimaamme kuuluvat:<\/p>\n<ul>\n<li>edustuskalusteet: vastaanottotiskit, koriste-elementit, valaistut logot yms.<\/li>\n<li>keitti\u00f6t, naulakot, pesuallaspinnat<\/li>\n<li>istuinkalusteet, sohvat, leponurkkaukset<\/li>\n<li>sein\u00e4- ja kattopaneelit, v\u00e4lisein\u00e4t, akustiikkapaneelit<\/li>\n<li>kokoushuoneiden p\u00f6yd\u00e4t ja taulukaapit<\/li>\n<li>toimistokalusteet: ty\u00f6p\u00f6yd\u00e4t, laatikosto, hyllykaapit, lokerikot.<\/li>\n<\/ul>\n\t\t\t\t\t\t\t\t<\/div>\n\t\t\t\t<\/div>\n\t\t\t\t\t<\/div>\n\t\t<\/div>\n\t\t\t\t\t<\/div>\n\t\t<\/section>\n\t\t\t\t<section class=\"elementor-section elementor-top-section elementor-element elementor-element-399cb01 elementor-section-boxed elementor-section-height-default elementor-section-height-default\" data-id=\"399cb01\" data-element_type=\"section\" data-e-type=\"section\">\n\t\t\t\t\t\t<div class=\"elementor-container elementor-column-gap-default\">\n\t\t\t\t\t<div class=\"elementor-column elementor-col-100 elementor-top-column elementor-element elementor-element-31b7dbc\" data-id=\"31b7dbc\" data-element_type=\"column\" data-e-type=\"column\">\n\t\t\t<div class=\"elementor-widget-wrap elementor-element-populated\">\n\t\t\t\t\t\t\t<\/div>\n\t\t<\/div>\n\t\t\t\t\t<\/div>\n\t\t<\/section>\n\t\t\t\t<\/div>\n\t\t","protected":false},"excerpt":{"rendered":"<p>Toimisto Merianto on erikoistunut toimistotilojen sisustusratkaisujen suunnitteluun ja toteutukseen. L\u00e4hdemme liikkeelle asiakkaiden ja sisustussuunnittelijoiden odotuksista ja vaatimuksista. Tavoitteenamme on valmistaa tuotteita, jotka auttavat luomaan inspiroivan ja ty\u00f6tehokkuutta edist\u00e4v\u00e4n ymp\u00e4rist\u00f6n. Sisustuksen k\u00e4yt\u00e4nn\u00f6llisyyden ohella ratkaisujen esteettisyys on eritt\u00e4in t\u00e4rke\u00e4\u00e4, sill\u00e4 se auttaa heijastamaan yrityksen uniikkia tyyli\u00e4. Olemme vakuuttuneita siit\u00e4, ett\u00e4 huolella suunnitellut kalusteet voivat toimia yrityksen k\u00e4yntikorttina [&hellip;]<\/p>\n","protected":false},"author":2,"featured_media":0,"parent":0,"menu_order":0,"comment_status":"closed","ping_status":"closed","template":"elementor_header_footer","meta":{"_acf_changed":false,"footnotes":""},"class_list":["post-9450","page","type-page","status-publish","hentry"],"acf":[],"_links":{"self":[{"href":"https:\/\/merianto.com\/fi\/wp-json\/wp\/v2\/pages\/9450","targetHints":{"allow":["GET"]}}],"collection":[{"href":"https:\/\/merianto.com\/fi\/wp-json\/wp\/v2\/pages"}],"about":[{"href":"https:\/\/merianto.com\/fi\/wp-json\/wp\/v2\/types\/page"}],"author":[{"embeddable":true,"href":"https:\/\/merianto.com\/fi\/wp-json\/wp\/v2\/users\/2"}],"replies":[{"embeddable":true,"href":"https:\/\/merianto.com\/fi\/wp-json\/wp\/v2\/comments?post=9450"}],"version-history":[{"count":1,"href":"https:\/\/merianto.com\/fi\/wp-json\/wp\/v2\/pages\/9450\/revisions"}],"predecessor-version":[{"id":9451,"href":"https:\/\/merianto.com\/fi\/wp-json\/wp\/v2\/pages\/9450\/revisions\/9451"}],"wp:attachment":[{"href":"https:\/\/merianto.com\/fi\/wp-json\/wp\/v2\/media?parent=9450"}],"curies":[{"name":"wp","href":"https:\/\/api.w.org\/{rel}","templated":true}]}}