{"id":9440,"date":"2023-12-06T09:47:16","date_gmt":"2023-12-06T09:47:16","guid":{"rendered":"http:\/\/bn.merianto.com\/hotelli\/"},"modified":"2024-01-30T08:35:43","modified_gmt":"2024-01-30T08:35:43","slug":"hotelli","status":"publish","type":"page","link":"https:\/\/merianto.com\/fi\/hotelli\/","title":{"rendered":"Hotelli"},"content":{"rendered":"\t\t<div data-elementor-type=\"wp-page\" data-elementor-id=\"9440\" class=\"elementor elementor-9440 elementor-4516\" data-elementor-post-type=\"page\">\n\t\t\t\t\t\t<section class=\"elementor-section elementor-top-section elementor-element elementor-element-cb6f302 elementor-section-height-min-height elementor-section-items-bottom elementor-section-boxed elementor-section-height-default elementor-invisible\" data-id=\"cb6f302\" data-element_type=\"section\" data-e-type=\"section\" data-settings=\"{&quot;background_background&quot;:&quot;classic&quot;,&quot;animation&quot;:&quot;fadeInDown&quot;}\">\n\t\t\t\t\t\t\t<div class=\"elementor-background-overlay\"><\/div>\n\t\t\t\t\t\t\t<div class=\"elementor-container elementor-column-gap-default\">\n\t\t\t\t\t<div class=\"elementor-column elementor-col-100 elementor-top-column elementor-element elementor-element-5fe1e47\" data-id=\"5fe1e47\" data-element_type=\"column\" data-e-type=\"column\">\n\t\t\t<div class=\"elementor-widget-wrap elementor-element-populated\">\n\t\t\t\t\t\t<div class=\"elementor-element elementor-element-72e623b elementor-widget elementor-widget-heading\" data-id=\"72e623b\" data-element_type=\"widget\" data-e-type=\"widget\" data-widget_type=\"heading.default\">\n\t\t\t\t<div class=\"elementor-widget-container\">\n\t\t\t\t\t<h1 class=\"elementor-heading-title elementor-size-default\">Hotelli<\/h1>\t\t\t\t<\/div>\n\t\t\t\t<\/div>\n\t\t\t\t\t<\/div>\n\t\t<\/div>\n\t\t\t\t\t<\/div>\n\t\t<\/section>\n\t\t\t\t<section class=\"elementor-section elementor-top-section elementor-element elementor-element-b13733e elementor-section-height-min-height elementor-section-boxed elementor-section-height-default elementor-section-items-middle\" data-id=\"b13733e\" data-element_type=\"section\" data-e-type=\"section\">\n\t\t\t\t\t\t<div class=\"elementor-container elementor-column-gap-default\">\n\t\t\t\t\t<div class=\"elementor-column elementor-col-50 elementor-top-column elementor-element elementor-element-d2336cb\" data-id=\"d2336cb\" data-element_type=\"column\" data-e-type=\"column\">\n\t\t\t<div class=\"elementor-widget-wrap elementor-element-populated\">\n\t\t\t\t\t\t<div class=\"elementor-element elementor-element-be9ae36 elementor-invisible elementor-widget elementor-widget-text-editor\" data-id=\"be9ae36\" data-element_type=\"widget\" data-e-type=\"widget\" data-settings=\"{&quot;_animation&quot;:&quot;fadeInUp&quot;}\" data-widget_type=\"text-editor.default\">\n\t\t\t\t<div class=\"elementor-widget-container\">\n\t\t\t\t\t\t\t\t\t<p>Merianton vahvuutena hotellien ja majoitusliikkeiden sisustamisessa on tiivis yhteisty\u00f6 asiakkaiden ja sisustussuunnittelijoiden kanssa, jotka ovat hyvin perehtyneet alan erityisvaatimuksiin. Hotellien sisustukselta odotetaan yleens\u00e4 enemm\u00e4n ylellisyytt\u00e4, erinomaista muotoilua ja k\u00e4ytt\u00f6mukavuutta positiivisen ja unohtumattoman el\u00e4myksen tarjoamiseksi vieraille.<\/p>\n<p>Sisustus, aulatilat, ravintolat, baarit ja erityisesti hotellihuoneet ovat avainasemassa hotellin tunnelman luomisessa <span style=\"font-family: Arial, sans-serif; font-size: 14.5pt; font-weight: var( --e-global-typography-text-font-weight );\">\u2013<\/span> suurelta <span style=\"font-family: var( --e-global-typography-text-font-family ), Sans-serif; font-weight: var( --e-global-typography-text-font-weight ); font-size: 1.2rem;\">osin ainutlaatuisten sisustusratkaisujen kautta.<\/span><\/p>\n\t\t\t\t\t\t\t\t<\/div>\n\t\t\t\t<\/div>\n\t\t\t\t\t<\/div>\n\t\t<\/div>\n\t\t\t\t<div class=\"elementor-column elementor-col-50 elementor-top-column elementor-element elementor-element-bdeae93\" data-id=\"bdeae93\" data-element_type=\"column\" data-e-type=\"column\">\n\t\t\t<div class=\"elementor-widget-wrap elementor-element-populated\">\n\t\t\t\t\t\t<div class=\"elementor-element elementor-element-83bc44e elementor-invisible elementor-widget elementor-widget-text-editor\" data-id=\"83bc44e\" data-element_type=\"widget\" data-e-type=\"widget\" data-settings=\"{&quot;_animation&quot;:&quot;fadeInUp&quot;}\" data-widget_type=\"text-editor.default\">\n\t\t\t\t<div class=\"elementor-widget-container\">\n\t\t\t\t\t\t\t\t\t<p>Valmistamme p\u00e4\u00e4osin seuraavia tuotteita:<\/p>\n<ul>\n<li>hotellihuoneiden vakiokalusteet: kaapit, peilit, s\u00e4ngynp\u00e4\u00e4dyt, naulakot, keittokomerot, pesuallaspinnat yms.<\/li>\n<li>aulatilojen kalusteet: vastaanottotiskit, odotustilan kalusteet, istuinkalusteet yms.<\/li>\n<li>ravintoloiden, baarien ja kahviloiden erikoiskalusteet<\/li>\n<li>hotellihuoneiden ja k\u00e4yt\u00e4vien sein\u00e4paneelit, portaalit, reuna- ja kattolistat, kaiteet ja muut koristeelliset sek\u00e4 rakenteelliset elementit<\/li>\n<li>huoneiden ikkunalaudat ja patteripeitteet, kattopaneelit yms.<\/li>\n<\/ul>\t\t\t\t\t\t\t\t<\/div>\n\t\t\t\t<\/div>\n\t\t\t\t\t<\/div>\n\t\t<\/div>\n\t\t\t\t\t<\/div>\n\t\t<\/section>\n\t\t\t\t<section class=\"elementor-section elementor-top-section elementor-element elementor-element-399cb01 elementor-section-boxed elementor-section-height-default elementor-section-height-default\" data-id=\"399cb01\" data-element_type=\"section\" data-e-type=\"section\">\n\t\t\t\t\t\t<div class=\"elementor-container elementor-column-gap-default\">\n\t\t\t\t\t<div class=\"elementor-column elementor-col-100 elementor-top-column elementor-element elementor-element-31b7dbc\" data-id=\"31b7dbc\" data-element_type=\"column\" data-e-type=\"column\">\n\t\t\t<div class=\"elementor-widget-wrap elementor-element-populated\">\n\t\t\t\t\t\t\t<\/div>\n\t\t<\/div>\n\t\t\t\t\t<\/div>\n\t\t<\/section>\n\t\t\t\t<\/div>\n\t\t","protected":false},"excerpt":{"rendered":"<p>Hotell Merianto tugevus hotellide ja majutusasutuste sisustamisel p\u00f5hineb heal koost\u00f6\u00f6l tellijate ning sisekujundajatega, kes tunnevad h\u00e4sti selle valdkonna k\u00f5rgendatud n\u00f5udmisi. Enamasti eeldatakse hotellisisustuselt suuremat luksust, v\u00e4ga head disaini ja kasutusmugavust, et pakkuda k\u00fclastajatele positiivset ja meeldej\u00e4\u00e4vat elamust. Hotellist saadavat emotsiooni aitavad luua interj\u00f6\u00f6r, vastuv\u00f5tualad, restoranid, baarid ja loomulikult hotellitoad\u00a0\u2013\u00a0paljuski l\u00e4bi ainulaadsete sisustuslahenduste. P\u00f5hiliselt valmistame j\u00e4rgmisi [&hellip;]<\/p>\n","protected":false},"author":2,"featured_media":0,"parent":0,"menu_order":0,"comment_status":"closed","ping_status":"closed","template":"elementor_header_footer","meta":{"_acf_changed":false,"footnotes":""},"class_list":["post-9440","page","type-page","status-publish","hentry"],"acf":[],"_links":{"self":[{"href":"https:\/\/merianto.com\/fi\/wp-json\/wp\/v2\/pages\/9440","targetHints":{"allow":["GET"]}}],"collection":[{"href":"https:\/\/merianto.com\/fi\/wp-json\/wp\/v2\/pages"}],"about":[{"href":"https:\/\/merianto.com\/fi\/wp-json\/wp\/v2\/types\/page"}],"author":[{"embeddable":true,"href":"https:\/\/merianto.com\/fi\/wp-json\/wp\/v2\/users\/2"}],"replies":[{"embeddable":true,"href":"https:\/\/merianto.com\/fi\/wp-json\/wp\/v2\/comments?post=9440"}],"version-history":[{"count":3,"href":"https:\/\/merianto.com\/fi\/wp-json\/wp\/v2\/pages\/9440\/revisions"}],"predecessor-version":[{"id":9443,"href":"https:\/\/merianto.com\/fi\/wp-json\/wp\/v2\/pages\/9440\/revisions\/9443"}],"wp:attachment":[{"href":"https:\/\/merianto.com\/fi\/wp-json\/wp\/v2\/media?parent=9440"}],"curies":[{"name":"wp","href":"https:\/\/api.w.org\/{rel}","templated":true}]}}