{"id":4588,"date":"2023-01-20T15:36:53","date_gmt":"2023-01-20T13:36:53","guid":{"rendered":"http:\/\/bn.merianto.com\/joukkue\/"},"modified":"2024-02-01T09:42:07","modified_gmt":"2024-02-01T09:42:07","slug":"joukkue","status":"publish","type":"page","link":"https:\/\/merianto.com\/fi\/joukkue\/","title":{"rendered":"Henkil\u00f6kunta"},"content":{"rendered":"\t\t<div data-elementor-type=\"wp-page\" data-elementor-id=\"4588\" class=\"elementor elementor-4588 elementor-2936\" data-elementor-post-type=\"page\">\n\t\t\t\t\t\t<section class=\"elementor-section elementor-top-section elementor-element elementor-element-cb6f302 elementor-section-height-min-height elementor-section-items-bottom elementor-section-boxed elementor-section-height-default elementor-invisible\" data-id=\"cb6f302\" data-element_type=\"section\" data-e-type=\"section\" data-settings=\"{&quot;background_background&quot;:&quot;classic&quot;,&quot;animation&quot;:&quot;fadeInDown&quot;}\">\n\t\t\t\t\t\t\t<div class=\"elementor-background-overlay\"><\/div>\n\t\t\t\t\t\t\t<div class=\"elementor-container elementor-column-gap-default\">\n\t\t\t\t\t<div class=\"elementor-column elementor-col-100 elementor-top-column elementor-element elementor-element-5fe1e47\" data-id=\"5fe1e47\" data-element_type=\"column\" data-e-type=\"column\">\n\t\t\t<div class=\"elementor-widget-wrap elementor-element-populated\">\n\t\t\t\t\t\t<div class=\"elementor-element elementor-element-1b4bccf elementor-widget elementor-widget-heading\" data-id=\"1b4bccf\" data-element_type=\"widget\" data-e-type=\"widget\" data-widget_type=\"heading.default\">\n\t\t\t\t<div class=\"elementor-widget-container\">\n\t\t\t\t\t<h1 class=\"elementor-heading-title elementor-size-default\">Henkil\u00f6kunta<\/h1>\t\t\t\t<\/div>\n\t\t\t\t<\/div>\n\t\t\t\t\t<\/div>\n\t\t<\/div>\n\t\t\t\t\t<\/div>\n\t\t<\/section>\n\t\t\t\t<section class=\"elementor-section elementor-top-section elementor-element elementor-element-b13733e elementor-section-height-min-height elementor-section-boxed elementor-section-height-default elementor-section-items-middle\" data-id=\"b13733e\" data-element_type=\"section\" data-e-type=\"section\">\n\t\t\t\t\t\t<div class=\"elementor-container elementor-column-gap-default\">\n\t\t\t\t\t<div class=\"elementor-column elementor-col-50 elementor-top-column elementor-element elementor-element-d2336cb\" data-id=\"d2336cb\" data-element_type=\"column\" data-e-type=\"column\">\n\t\t\t<div class=\"elementor-widget-wrap elementor-element-populated\">\n\t\t\t\t\t\t<div class=\"elementor-element elementor-element-be9ae36 elementor-invisible elementor-widget elementor-widget-text-editor\" data-id=\"be9ae36\" data-element_type=\"widget\" data-e-type=\"widget\" data-settings=\"{&quot;_animation&quot;:&quot;fadeInUp&quot;}\" data-widget_type=\"text-editor.default\">\n\t\t\t\t<div class=\"elementor-widget-container\">\n\t\t\t\t\t\t\t\t\t<p>Henkil\u00f6kuntamme tarjoaa asiakkaille vahvan kumppanuuden ja laadukkaat kokonaisratkaisut erilaisten julkisten tilojen ja ymp\u00e4rist\u00f6jen sisustussuunnittelussa ja toteutuksessa. <\/p>\n\t\t\t\t\t\t\t\t<\/div>\n\t\t\t\t<\/div>\n\t\t\t\t\t<\/div>\n\t\t<\/div>\n\t\t\t\t<div class=\"elementor-column elementor-col-50 elementor-top-column elementor-element elementor-element-bdeae93\" data-id=\"bdeae93\" data-element_type=\"column\" data-e-type=\"column\">\n\t\t\t<div class=\"elementor-widget-wrap elementor-element-populated\">\n\t\t\t\t\t\t<div class=\"elementor-element elementor-element-83bc44e elementor-invisible elementor-widget elementor-widget-text-editor\" data-id=\"83bc44e\" data-element_type=\"widget\" data-e-type=\"widget\" data-settings=\"{&quot;_animation&quot;:&quot;fadeInUp&quot;}\" data-widget_type=\"text-editor.default\">\n\t\t\t\t<div class=\"elementor-widget-container\">\n\t\t\t\t\t\t\t\t\t<p>Vastaamme koko sisustusketjusta, johon sis\u00e4ltyv\u00e4t neuvonta ja suunnittelu, \u00e4lykk\u00e4iden ratkaisujen ty\u00f6piirustusten tekeminen, kalusteiden valmistus sek\u00e4 sopivan sisustusratkaisun toimittaminen ja asentaminen.<\/p>\n\t\t\t\t\t\t\t\t<\/div>\n\t\t\t\t<\/div>\n\t\t\t\t\t<\/div>\n\t\t<\/div>\n\t\t\t\t\t<\/div>\n\t\t<\/section>\n\t\t\t\t<section class=\"elementor-section elementor-top-section elementor-element elementor-element-a6e3845 elementor-section-boxed elementor-section-height-default elementor-section-height-default\" data-id=\"a6e3845\" data-element_type=\"section\" data-e-type=\"section\">\n\t\t\t\t\t\t<div class=\"elementor-container elementor-column-gap-default\">\n\t\t\t\t\t<div class=\"elementor-column elementor-col-100 elementor-top-column elementor-element elementor-element-334c8d9\" data-id=\"334c8d9\" data-element_type=\"column\" data-e-type=\"column\">\n\t\t\t<div class=\"elementor-widget-wrap\">\n\t\t\t\t\t\t\t<\/div>\n\t\t<\/div>\n\t\t\t\t\t<\/div>\n\t\t<\/section>\n\t\t\t\t<section class=\"elementor-section elementor-top-section elementor-element elementor-element-72c495ee elementor-section-boxed elementor-section-height-default elementor-section-height-default\" data-id=\"72c495ee\" data-element_type=\"section\" data-e-type=\"section\" data-settings=\"{&quot;background_background&quot;:&quot;classic&quot;,&quot;animation&quot;:&quot;none&quot;}\">\n\t\t\t\t\t\t<div class=\"elementor-container elementor-column-gap-default\">\n\t\t\t\t\t<div class=\"elementor-column elementor-col-100 elementor-top-column elementor-element elementor-element-2f8b60d9\" data-id=\"2f8b60d9\" data-element_type=\"column\" data-e-type=\"column\">\n\t\t\t<div class=\"elementor-widget-wrap elementor-element-populated\">\n\t\t\t\t\t\t<div class=\"elementor-element elementor-element-b87ec2f elementor-widget elementor-widget-premium-addon-person\" data-id=\"b87ec2f\" data-element_type=\"widget\" data-e-type=\"widget\" data-settings=\"{&quot;persons_per_row&quot;:&quot;33.33%&quot;,&quot;persons_per_row_tablet&quot;:&quot;100%&quot;,&quot;persons_per_row_mobile&quot;:&quot;100%&quot;}\" data-widget_type=\"premium-addon-person.default\">\n\t\t\t\t<div class=\"elementor-widget-container\">\n\t\t\t\t\t\t\t<div class=\"premium-persons-container premium-person-style2 multiple-persons\" data-persons-equal=\"\">\n\t\t\t\t\t\t\t\t<div class=\"premium-person-container premium-person-zoomin-effect\">\n\t\t\t\t\t\t<div class=\"premium-person-image-container\">\n\t\t\t\t\t\t\t\t\t\t\t\t\t\t\t\t\t\t\t<\/div>\n\t\t\t\t\t\t<div class=\"premium-person-info\">\n\t\t\t\t\t\t\t\t\t\t<div class=\"premium-person-info-container\">\n\t\t\t\t\t\t\t\t\t<h3 class=\"premium-person-name\">Raimo Grichin<\/h3>\n\t\t\t\t\t\t\t\t\t\t\t<h5 class=\"premium-person-title\">\n\t\t\t\t\t\t\t<span>Puheenjohtaja<\/span>\n\t\t\t\t\t\t<\/h5>\n\t\t\t\t\t\t\t\t\t\t\t<div class=\"premium-person-content\">\n\t\t\t\t\t\t\t<p>(+372) 504 8700  <br><a href=\"mailto:raimo.grichin@merianto.com\">raimo.grichin@merianto.com <\/a><br><br><\/p>\t\t\t\t\t\t<\/div>\n\t\t\t\t\t\t\t\t<\/div>\n\t\t\t\t\t\t\t\t\t<\/div>\n\t\t\t\t\t<\/div>\n\t\t\t\t\t\t\t\t\t\t<div class=\"premium-person-container premium-person-zoomin-effect\">\n\t\t\t\t\t\t<div class=\"premium-person-image-container\">\n\t\t\t\t\t\t\t\t\t\t\t\t\t\t\t\t\t\t\t<\/div>\n\t\t\t\t\t\t<div class=\"premium-person-info\">\n\t\t\t\t\t\t\t\t\t\t<div class=\"premium-person-info-container\">\n\t\t\t\t\t\t\t\t\t<h3 class=\"premium-person-name\">J\u00fcri Abram<\/h3>\n\t\t\t\t\t\t\t\t\t\t\t<h5 class=\"premium-person-title\">\n\t\t\t\t\t\t\t<span>Myyntip\u00e4\u00e4llikk\u00f6<\/span>\n\t\t\t\t\t\t<\/h5>\n\t\t\t\t\t\t\t\t\t\t\t<div class=\"premium-person-content\">\n\t\t\t\t\t\t\t<p>(+372) 504 3036<br>(+358) 40 533 9162  <br><a href=\"mailto:juri.abram@merianto.com\">juri.abram@merianto.com<\/a><\/p>\t\t\t\t\t\t<\/div>\n\t\t\t\t\t\t\t\t<\/div>\n\t\t\t\t\t\t\t\t\t<\/div>\n\t\t\t\t\t<\/div>\n\t\t\t\t\t\t\t\t\t\t<div class=\"premium-person-container premium-person-zoomin-effect\">\n\t\t\t\t\t\t<div class=\"premium-person-image-container\">\n\t\t\t\t\t\t\t\t\t\t\t\t\t\t\t\t\t\t\t<\/div>\n\t\t\t\t\t\t<div class=\"premium-person-info\">\n\t\t\t\t\t\t\t\t\t\t<div class=\"premium-person-info-container\">\n\t\t\t\t\t\t\t\t\t<h3 class=\"premium-person-name\">Andrus Loit<\/h3>\n\t\t\t\t\t\t\t\t\t\t\t<h5 class=\"premium-person-title\">\n\t\t\t\t\t\t\t<span>Vientip\u00e4\u00e4llikk\u00f6<\/span>\n\t\t\t\t\t\t<\/h5>\n\t\t\t\t\t\t\t\t\t\t\t<div class=\"premium-person-content\">\n\t\t\t\t\t\t\t<p>(+372) 501 8104<br>(+358) 40 774 1131 <a href=\"mailto:andrus.loit@merianto.com\">andrus.loit@merianto.com andrus.loit@merianto.com<\/a><\/p>\t\t\t\t\t\t<\/div>\n\t\t\t\t\t\t\t\t<\/div>\n\t\t\t\t\t\t\t\t\t<\/div>\n\t\t\t\t\t<\/div>\n\t\t\t\t\t\t\t\t\t\t<div class=\"premium-person-container premium-person-zoomin-effect\">\n\t\t\t\t\t\t<div class=\"premium-person-image-container\">\n\t\t\t\t\t\t\t\t\t\t\t\t\t\t\t\t\t\t\t<\/div>\n\t\t\t\t\t\t<div class=\"premium-person-info\">\n\t\t\t\t\t\t\t\t\t\t<div class=\"premium-person-info-container\">\n\t\t\t\t\t\t\t\t\t<h3 class=\"premium-person-name\">Putte Kopamees<\/h3>\n\t\t\t\t\t\t\t\t\t\t\t<h5 class=\"premium-person-title\">\n\t\t\t\t\t\t\t<span>Vientiprojektip\u00e4\u00e4llikk\u00f6<\/span>\n\t\t\t\t\t\t<\/h5>\n\t\t\t\t\t\t\t\t\t\t\t<div class=\"premium-person-content\">\n\t\t\t\t\t\t\t<p>(+372) 5300 7723<br>(+358) 40 553 8392<br><a href=\"mailto:putte.kopamees@merianto.com\">putte.kopamees@merianto.com<\/a><\/p>\t\t\t\t\t\t<\/div>\n\t\t\t\t\t\t\t\t<\/div>\n\t\t\t\t\t\t\t\t\t<\/div>\n\t\t\t\t\t<\/div>\n\t\t\t\t\t\t\t\t\t\t<div class=\"premium-person-container premium-person-zoomin-effect\">\n\t\t\t\t\t\t<div class=\"premium-person-image-container\">\n\t\t\t\t\t\t\t\t\t\t\t\t\t\t\t\t\t\t\t<\/div>\n\t\t\t\t\t\t<div class=\"premium-person-info\">\n\t\t\t\t\t\t\t\t\t\t<div class=\"premium-person-info-container\">\n\t\t\t\t\t\t\t\t\t<h3 class=\"premium-person-name\">Silver Uudelt<\/h3>\n\t\t\t\t\t\t\t\t\t\t\t<h5 class=\"premium-person-title\">\n\t\t\t\t\t\t\t<span>Vientiprojektip\u00e4\u00e4llikk\u00f6<\/span>\n\t\t\t\t\t\t<\/h5>\n\t\t\t\t\t\t\t\t\t\t\t<div class=\"premium-person-content\">\n\t\t\t\t\t\t\t<p>(+372) 5648 5589  <br>(+358) 40 646 2642  <br><a href=\"mailto:silver.uudelt@merianto.com\">silver.uudelt@merianto.com<\/a><\/p>\t\t\t\t\t\t<\/div>\n\t\t\t\t\t\t\t\t<\/div>\n\t\t\t\t\t\t\t\t\t<\/div>\n\t\t\t\t\t<\/div>\n\t\t\t\t\t\t\t\t\t\t<div class=\"premium-person-container premium-person-zoomin-effect\">\n\t\t\t\t\t\t<div class=\"premium-person-image-container\">\n\t\t\t\t\t\t\t\t\t\t\t\t\t\t\t\t\t\t\t<\/div>\n\t\t\t\t\t\t<div class=\"premium-person-info\">\n\t\t\t\t\t\t\t\t\t\t<div class=\"premium-person-info-container\">\n\t\t\t\t\t\t\t\t\t<h3 class=\"premium-person-name\">Toomas Luik<\/h3>\n\t\t\t\t\t\t\t\t\t\t\t<h5 class=\"premium-person-title\">\n\t\t\t\t\t\t\t<span>Vientiprojektip\u00e4\u00e4llikk\u00f6<\/span>\n\t\t\t\t\t\t<\/h5>\n\t\t\t\t\t\t\t\t\t\t\t<div class=\"premium-person-content\">\n\t\t\t\t\t\t\t<p>(+372) 526 6277  <br>(+358) 40 534 5926<br><a href=\"mailto:toomas.luik@merianto.com\">toomas.luik@merianto.com<\/a><\/p>\t\t\t\t\t\t<\/div>\n\t\t\t\t\t\t\t\t<\/div>\n\t\t\t\t\t\t\t\t\t<\/div>\n\t\t\t\t\t<\/div>\n\t\t\t\t\t\t\t\t\t\t<div class=\"premium-person-container premium-person-zoomin-effect\">\n\t\t\t\t\t\t<div class=\"premium-person-image-container\">\n\t\t\t\t\t\t\t\t\t\t\t\t\t\t\t\t\t\t\t<\/div>\n\t\t\t\t\t\t<div class=\"premium-person-info\">\n\t\t\t\t\t\t\t\t\t\t<div class=\"premium-person-info-container\">\n\t\t\t\t\t\t\t\t\t<h3 class=\"premium-person-name\">Margus Kalda<\/h3>\n\t\t\t\t\t\t\t\t\t\t\t<h5 class=\"premium-person-title\">\n\t\t\t\t\t\t\t<span>Suunnittelija<\/span>\n\t\t\t\t\t\t<\/h5>\n\t\t\t\t\t\t\t\t\t\t\t<div class=\"premium-person-content\">\n\t\t\t\t\t\t\t<p>(+372) 5691 7125<br>margus.kalda@merianto.com<\/p>\t\t\t\t\t\t<\/div>\n\t\t\t\t\t\t\t\t<\/div>\n\t\t\t\t\t\t\t\t\t<\/div>\n\t\t\t\t\t<\/div>\n\t\t\t\t\t\t\t\t\t\t<div class=\"premium-person-container premium-person-zoomin-effect\">\n\t\t\t\t\t\t<div class=\"premium-person-image-container\">\n\t\t\t\t\t\t\t\t\t\t\t\t\t\t\t\t\t\t\t<\/div>\n\t\t\t\t\t\t<div class=\"premium-person-info\">\n\t\t\t\t\t\t\t\t\t\t<div class=\"premium-person-info-container\">\n\t\t\t\t\t\t\t\t\t<h3 class=\"premium-person-name\">Toomas Zdankevitch<\/h3>\n\t\t\t\t\t\t\t\t\t\t\t<h5 class=\"premium-person-title\">\n\t\t\t\t\t\t\t<span>Suunnittelija<\/span>\n\t\t\t\t\t\t<\/h5>\n\t\t\t\t\t\t\t\t\t\t\t<div class=\"premium-person-content\">\n\t\t\t\t\t\t\t<p>(+372) 502 7810  <br><a href=\"mailto:toomas.zdankevitch@merianto.com\">toomas.zdankevitch@merianto.com<\/a><\/p>\t\t\t\t\t\t<\/div>\n\t\t\t\t\t\t\t\t<\/div>\n\t\t\t\t\t\t\t\t\t<\/div>\n\t\t\t\t\t<\/div>\n\t\t\t\t\t\t\t\t\t\t<div class=\"premium-person-container premium-person-zoomin-effect\">\n\t\t\t\t\t\t<div class=\"premium-person-image-container\">\n\t\t\t\t\t\t\t\t\t\t\t\t\t\t\t\t\t\t\t<\/div>\n\t\t\t\t\t\t<div class=\"premium-person-info\">\n\t\t\t\t\t\t\t\t\t\t<div class=\"premium-person-info-container\">\n\t\t\t\t\t\t\t\t\t<h3 class=\"premium-person-name\">Kaarel Loomets<\/h3>\n\t\t\t\t\t\t\t\t\t\t\t<h5 class=\"premium-person-title\">\n\t\t\t\t\t\t\t<span>Tuotantop\u00e4\u00e4llikk\u00f6<\/span>\n\t\t\t\t\t\t<\/h5>\n\t\t\t\t\t\t\t\t\t\t\t<div class=\"premium-person-content\">\n\t\t\t\t\t\t\t<p>(+372) 5663 9945  <br><a href=\"mailto:kaarel.loomets@merianto.com\">kaarel.loomets@merianto.com<\/a><\/p>\t\t\t\t\t\t<\/div>\n\t\t\t\t\t\t\t\t<\/div>\n\t\t\t\t\t\t\t\t\t<\/div>\n\t\t\t\t\t<\/div>\n\t\t\t\t\t\t\t\t\t\t<div class=\"premium-person-container premium-person-zoomin-effect\">\n\t\t\t\t\t\t<div class=\"premium-person-image-container\">\n\t\t\t\t\t\t\t\t\t\t\t\t\t\t\t\t\t\t\t<\/div>\n\t\t\t\t\t\t<div class=\"premium-person-info\">\n\t\t\t\t\t\t\t\t\t\t<div class=\"premium-person-info-container\">\n\t\t\t\t\t\t\t\t\t<h3 class=\"premium-person-name\">Kalev Koks<\/h3>\n\t\t\t\t\t\t\t\t\t\t\t<h5 class=\"premium-person-title\">\n\t\t\t\t\t\t\t<span>Asennusp\u00e4\u00e4llikk\u00f6<\/span>\n\t\t\t\t\t\t<\/h5>\n\t\t\t\t\t\t\t\t\t\t\t<div class=\"premium-person-content\">\n\t\t\t\t\t\t\t<p>(+372) 5680 5671  <br>(+358) 40 506 6108  <br><a href=\"mailto:kalev.koks@merianto.com\">kalev.koks@merianto.com<\/a><\/p>\t\t\t\t\t\t<\/div>\n\t\t\t\t\t\t\t\t<\/div>\n\t\t\t\t\t\t\t\t\t<\/div>\n\t\t\t\t\t<\/div>\n\t\t\t\t\t\t\t<\/div>\n\t\t\t\t\t\t<\/div>\n\t\t\t\t<\/div>\n\t\t\t\t<div class=\"elementor-element elementor-element-29e98a25 elementor-widget elementor-widget-raven-posts\" data-id=\"29e98a25\" data-element_type=\"widget\" data-e-type=\"widget\" data-settings=\"{&quot;classic_columns&quot;:&quot;1&quot;,&quot;classic_columns_tablet&quot;:&quot;1&quot;,&quot;query_posts_per_page&quot;:-1,&quot;_skin&quot;:&quot;classic&quot;,&quot;classic_layout&quot;:&quot;grid&quot;,&quot;classic_columns_mobile&quot;:&quot;1&quot;,&quot;query_offset&quot;:0}\" data-widget_type=\"raven-posts.classic\">\n\t\t\t\t<div class=\"elementor-widget-container\">\n\t\t\t\t\t\t\t<div class=\"raven-posts raven-grid raven-grid-1 raven-grid-tablet-1 raven-grid-mobile-1\" data-post-id=\"4588\" data-archive-query=\"\" data-lang=\"\">\n\t\t\t\t<div class=\"raven-grid-item raven-post-item post-9465 post type-post status-publish format-standard hentry category-uncategorized-fi\">\n\t\t\t<div class=\"raven-post\">\n\t\t\t\t\t\t\t\t<div class=\"raven-post-content\">\n\t\t\t\t\t<h3 class=\"raven-post-title\"><a class=\"raven-post-title-link\" href=\"https:\/\/merianto.com\/fi\/2023\/01\/20\/puuseppa\/\">Puusepp\u00e4<\/a><\/h3><div class=\"raven-post-excerpt\">Koska ty\u00f6m\u00e4\u00e4r\u00e4mme on lis\u00e4\u00e4ntynyt, Merianto Install Oy etsii kokeneita kalusteasentajia Suomen kohteisiinsa (ty\u00f6paikkana Suomi). Ty\u00f6ntekij\u00f6iden tulee olla valmiita ty\u00f6skentelem\u00e4\u00e4n t\u00e4ysiaikaisesti Helsingiss\u00e4 ja sen l\u00e4hialueilla maanantaista perjantaihin sek\u00e4 l\u00e4htem\u00e4\u00e4n tarvittaessa ty\u00f6komennuksille eri puolille Suomea. Oma henkil\u00f6auto katsotaan eduksi, mutta se ei ole v\u00e4ltt\u00e4m\u00e4t\u00f6n.<\/div>\t\t<div class=\"raven-post-read-more\">\n\t\t\t<a class=\"raven-post-button\" href=\"https:\/\/merianto.com\/fi\/2023\/01\/20\/puuseppa\/\"><span class=\"raven-post-button-text\">Lue lis\u00e4\u00e4<\/span><\/a>\n\t\t<\/div>\n\t\t\t\t\t\t<\/div>\n\t\t\t<\/div>\n\t\t<\/div>\n\t\t\t\t<\/div>\n\t\t\t\t\t\t<\/div>\n\t\t\t\t<\/div>\n\t\t\t\t\t<\/div>\n\t\t<\/div>\n\t\t\t\t\t<\/div>\n\t\t<\/section>\n\t\t\t\t<\/div>\n\t\t","protected":false},"excerpt":{"rendered":"<p>Henkil\u00f6kunta Henkil\u00f6kuntamme tarjoaa asiakkaille vahvan kumppanuuden ja laadukkaat kokonaisratkaisut erilaisten julkisten tilojen ja ymp\u00e4rist\u00f6jen sisustussuunnittelussa ja toteutuksessa. Vastaamme koko sisustusketjusta, johon sis\u00e4ltyv\u00e4t neuvonta ja suunnittelu, \u00e4lykk\u00e4iden ratkaisujen ty\u00f6piirustusten tekeminen, kalusteiden valmistus sek\u00e4 sopivan sisustusratkaisun toimittaminen ja asentaminen. Raimo Grichin Puheenjohtaja (+372) 504 8700 raimo.grichin@merianto.com J\u00fcri Abram Myyntip\u00e4\u00e4llikk\u00f6 (+372) 504 3036(+358) 40 533 9162 juri.abram@merianto.com Andrus [&hellip;]<\/p>\n","protected":false},"author":2,"featured_media":0,"parent":0,"menu_order":0,"comment_status":"closed","ping_status":"closed","template":"elementor_header_footer","meta":{"_acf_changed":false,"footnotes":""},"class_list":["post-4588","page","type-page","status-publish","hentry"],"acf":[],"_links":{"self":[{"href":"https:\/\/merianto.com\/fi\/wp-json\/wp\/v2\/pages\/4588","targetHints":{"allow":["GET"]}}],"collection":[{"href":"https:\/\/merianto.com\/fi\/wp-json\/wp\/v2\/pages"}],"about":[{"href":"https:\/\/merianto.com\/fi\/wp-json\/wp\/v2\/types\/page"}],"author":[{"embeddable":true,"href":"https:\/\/merianto.com\/fi\/wp-json\/wp\/v2\/users\/2"}],"replies":[{"embeddable":true,"href":"https:\/\/merianto.com\/fi\/wp-json\/wp\/v2\/comments?post=4588"}],"version-history":[{"count":5,"href":"https:\/\/merianto.com\/fi\/wp-json\/wp\/v2\/pages\/4588\/revisions"}],"predecessor-version":[{"id":9923,"href":"https:\/\/merianto.com\/fi\/wp-json\/wp\/v2\/pages\/4588\/revisions\/9923"}],"wp:attachment":[{"href":"https:\/\/merianto.com\/fi\/wp-json\/wp\/v2\/media?parent=4588"}],"curies":[{"name":"wp","href":"https:\/\/api.w.org\/{rel}","templated":true}]}}