{"id":11109,"date":"2026-02-20T18:42:15","date_gmt":"2026-02-20T16:42:15","guid":{"rendered":"https:\/\/merianto.com\/?page_id=11109"},"modified":"2026-02-20T18:42:15","modified_gmt":"2026-02-20T16:42:15","slug":"seinat-ja-ovet-4","status":"publish","type":"page","link":"https:\/\/merianto.com\/fi\/seinat-ja-ovet-4\/","title":{"rendered":"Sein\u00e4t ja ovet"},"content":{"rendered":"<h1>Sein\u00e4t ja ovet<\/h1>\n<h3>Yhteisty\u00f6ss\u00e4 tilaajien ja arkkitehtien kanssa olemme suunnitelleet kymmeni\u00e4 erilaisia sis\u00e4ovia, paneeli- ja v\u00e4lisein\u00e4ratkaisuja ja huolehtineet niiden asennuksesta moniin kohteisiin 20 vuoden ajan. <\/h3>\n<p>Merianton v\u00e4lisein\u00e4t koostuvat tehdasvalmisteisista moduuleista, jotka ovat turvallisia kuljettaa ja vaivattomia asentaa. \u00c4\u00e4nieristyksen varmistamiseksi moduulien v\u00e4liin asennetaan erityinen \u00e4\u00e4nieristystiiviste.\u00a0<\/p>\n<p>V\u00e4liseinien valmistuksessa k\u00e4yt\u00e4mme p\u00e4\u00e4asiallisina rakennusmateriaaleina MDF-, vaneri-, massiivipuu- ja alumiiniprofiilin tyyppej\u00e4. Moduulin enim\u00e4ismitat riippuvat valitusta ratkaisusta ja voivat siksi vaihdella.<\/p>\n<p>Lasin lis\u00e4ksi v\u00e4lisein\u00e4moduulin sein\u00e4osana voidaan k\u00e4ytt\u00e4\u00e4 mit\u00e4 tahansa pintarakenteeltaan tasaisia materiaaleja, esimerkiksi kangasverhoiltuja, viilutettuja tai maalattuja paneeleja, melamiini-, laminaatti- tai PVC-paneeleja. Lasi on kest\u00e4v\u00e4n\u00e4, l\u00e4pin\u00e4kyv\u00e4na ja hyvin \u00e4\u00e4nt\u00e4 erist\u00e4v\u00e4n\u00e4 yleisin materiaali ja tarjoaa paljon mahdollisuuksia. Turvallisuus- ja \u00e4\u00e4nieristysvaatimuksista riippuen voidaan k\u00e4ytt\u00e4\u00e4 laminoitua turvalasia ja\/tai karkaistua lasia. Kaikki lasityypit voidaan muunta mattapintaiseksi, teipata ja\/tai s\u00e4vytt\u00e4\u00e4.<\/p>\n<p>Ovet ja s\u00e4hk\u00f6kotelot ovat v\u00e4liseinien erottamaton osa.<\/p>\n<p>Merianton tuotevalikoimaan kuuluvat:<\/p>\n<h2>LASIv\u00e4liSEIN\u00c4T<\/h2>\n<h2>sis\u00e4ovet<\/h2>\n<h2>WC-v\u00e4lisein\u00e4t<\/h2>\n<h2>SEIN\u00c4paneelit<\/h2>\n<p>\t\t\t<a href=\"http:\/\/merianto.com\/fi\/tehty-tyo\/\"><br \/>\n\t\t\t\t\t\ttutustu tehtyihin t\u00f6ihin<br \/>\n\t\t\t\t\t<\/a><\/p>\n","protected":false},"excerpt":{"rendered":"<p>Sein\u00e4t ja ovet Yhteisty\u00f6ss\u00e4 tilaajien ja arkkitehtien kanssa olemme suunnitelleet kymmeni\u00e4 erilaisia sis\u00e4ovia, paneeli- ja v\u00e4lisein\u00e4ratkaisuja ja huolehtineet niiden asennuksesta moniin kohteisiin 20 vuoden ajan. Merianton v\u00e4lisein\u00e4t koostuvat tehdasvalmisteisista moduuleista, jotka ovat turvallisia kuljettaa ja vaivattomia asentaa. \u00c4\u00e4nieristyksen varmistamiseksi moduulien v\u00e4liin asennetaan erityinen \u00e4\u00e4nieristystiiviste.\u00a0 V\u00e4liseinien valmistuksessa k\u00e4yt\u00e4mme p\u00e4\u00e4asiallisina rakennusmateriaaleina MDF-, vaneri-, massiivipuu- ja alumiiniprofiilin tyyppej\u00e4. [&hellip;]<\/p>\n","protected":false},"author":4,"featured_media":0,"parent":0,"menu_order":0,"comment_status":"closed","ping_status":"closed","template":"elementor_header_footer","meta":{"_acf_changed":false,"footnotes":""},"class_list":["post-11109","page","type-page","status-publish","hentry"],"acf":[],"yoast_head":"<!-- This site is optimized with the Yoast SEO plugin v27.5 - https:\/\/yoast.com\/product\/yoast-seo-wordpress\/ -->\n<title>Sein\u00e4t ja ovet - Merianto<\/title>\n<meta name=\"robots\" content=\"index, follow, max-snippet:-1, max-image-preview:large, max-video-preview:-1\" \/>\n<link rel=\"canonical\" href=\"https:\/\/merianto.com\/fi\/seinat-ja-ovet-4\/\" \/>\n<meta property=\"og:locale\" content=\"fi_FI\" \/>\n<meta property=\"og:type\" content=\"article\" \/>\n<meta property=\"og:title\" content=\"Sein\u00e4t ja ovet - Merianto\" \/>\n<meta property=\"og:description\" content=\"Sein\u00e4t ja ovet Yhteisty\u00f6ss\u00e4 tilaajien ja arkkitehtien kanssa olemme suunnitelleet kymmeni\u00e4 erilaisia sis\u00e4ovia, paneeli- ja v\u00e4lisein\u00e4ratkaisuja ja huolehtineet niiden asennuksesta moniin kohteisiin 20 vuoden ajan. Merianton v\u00e4lisein\u00e4t koostuvat tehdasvalmisteisista moduuleista, jotka ovat turvallisia kuljettaa ja vaivattomia asentaa. \u00c4\u00e4nieristyksen varmistamiseksi moduulien v\u00e4liin asennetaan erityinen \u00e4\u00e4nieristystiiviste.\u00a0 V\u00e4liseinien valmistuksessa k\u00e4yt\u00e4mme p\u00e4\u00e4asiallisina rakennusmateriaaleina MDF-, vaneri-, massiivipuu- ja alumiiniprofiilin tyyppej\u00e4. [&hellip;]\" \/>\n<meta property=\"og:url\" content=\"https:\/\/merianto.com\/fi\/seinat-ja-ovet-4\/\" \/>\n<meta property=\"og:site_name\" content=\"Merianto\" \/>\n<meta name=\"twitter:card\" content=\"summary_large_image\" \/>\n<meta name=\"twitter:label1\" content=\"Arvioitu lukuaika\" \/>\n\t<meta name=\"twitter:data1\" content=\"1 minuutti\" \/>\n<script type=\"application\/ld+json\" class=\"yoast-schema-graph\">{\"@context\":\"https:\\\/\\\/schema.org\",\"@graph\":[{\"@type\":\"WebPage\",\"@id\":\"https:\\\/\\\/merianto.com\\\/fi\\\/seinat-ja-ovet-4\\\/\",\"url\":\"https:\\\/\\\/merianto.com\\\/fi\\\/seinat-ja-ovet-4\\\/\",\"name\":\"Sein\u00e4t ja ovet - Merianto\",\"isPartOf\":{\"@id\":\"https:\\\/\\\/merianto.com\\\/#website\"},\"datePublished\":\"2026-02-20T16:42:15+00:00\",\"breadcrumb\":{\"@id\":\"https:\\\/\\\/merianto.com\\\/fi\\\/seinat-ja-ovet-4\\\/#breadcrumb\"},\"inLanguage\":\"fi\",\"potentialAction\":[{\"@type\":\"ReadAction\",\"target\":[\"https:\\\/\\\/merianto.com\\\/fi\\\/seinat-ja-ovet-4\\\/\"]}]},{\"@type\":\"BreadcrumbList\",\"@id\":\"https:\\\/\\\/merianto.com\\\/fi\\\/seinat-ja-ovet-4\\\/#breadcrumb\",\"itemListElement\":[{\"@type\":\"ListItem\",\"position\":1,\"name\":\"Home\",\"item\":\"https:\\\/\\\/merianto.com\\\/fi\\\/kotisivu\\\/\"},{\"@type\":\"ListItem\",\"position\":2,\"name\":\"Sein\u00e4t ja ovet\"}]},{\"@type\":\"WebSite\",\"@id\":\"https:\\\/\\\/merianto.com\\\/#website\",\"url\":\"https:\\\/\\\/merianto.com\\\/\",\"name\":\"Merianto\",\"description\":\"M\u00f6\u00f6bli ja sisustuse terviklahenduste juhtimine ja elluviimine\",\"publisher\":{\"@id\":\"https:\\\/\\\/merianto.com\\\/#organization\"},\"potentialAction\":[{\"@type\":\"SearchAction\",\"target\":{\"@type\":\"EntryPoint\",\"urlTemplate\":\"https:\\\/\\\/merianto.com\\\/?s={search_term_string}\"},\"query-input\":{\"@type\":\"PropertyValueSpecification\",\"valueRequired\":true,\"valueName\":\"search_term_string\"}}],\"inLanguage\":\"fi\"},{\"@type\":\"Organization\",\"@id\":\"https:\\\/\\\/merianto.com\\\/#organization\",\"name\":\"Merianto O\u00dc\",\"url\":\"https:\\\/\\\/merianto.com\\\/\",\"logo\":{\"@type\":\"ImageObject\",\"inLanguage\":\"fi\",\"@id\":\"https:\\\/\\\/merianto.com\\\/#\\\/schema\\\/logo\\\/image\\\/\",\"url\":\"https:\\\/\\\/merianto.com\\\/wp-content\\\/uploads\\\/2022\\\/09\\\/Merianto_logo_rohvalge.svg\",\"contentUrl\":\"https:\\\/\\\/merianto.com\\\/wp-content\\\/uploads\\\/2022\\\/09\\\/Merianto_logo_rohvalge.svg\",\"width\":1042,\"height\":284,\"caption\":\"Merianto O\u00dc\"},\"image\":{\"@id\":\"https:\\\/\\\/merianto.com\\\/#\\\/schema\\\/logo\\\/image\\\/\"}}]}<\/script>\n<!-- \/ Yoast SEO plugin. -->","yoast_head_json":{"title":"Sein\u00e4t ja ovet - Merianto","robots":{"index":"index","follow":"follow","max-snippet":"max-snippet:-1","max-image-preview":"max-image-preview:large","max-video-preview":"max-video-preview:-1"},"canonical":"https:\/\/merianto.com\/fi\/seinat-ja-ovet-4\/","og_locale":"fi_FI","og_type":"article","og_title":"Sein\u00e4t ja ovet - Merianto","og_description":"Sein\u00e4t ja ovet Yhteisty\u00f6ss\u00e4 tilaajien ja arkkitehtien kanssa olemme suunnitelleet kymmeni\u00e4 erilaisia sis\u00e4ovia, paneeli- ja v\u00e4lisein\u00e4ratkaisuja ja huolehtineet niiden asennuksesta moniin kohteisiin 20 vuoden ajan. Merianton v\u00e4lisein\u00e4t koostuvat tehdasvalmisteisista moduuleista, jotka ovat turvallisia kuljettaa ja vaivattomia asentaa. \u00c4\u00e4nieristyksen varmistamiseksi moduulien v\u00e4liin asennetaan erityinen \u00e4\u00e4nieristystiiviste.\u00a0 V\u00e4liseinien valmistuksessa k\u00e4yt\u00e4mme p\u00e4\u00e4asiallisina rakennusmateriaaleina MDF-, vaneri-, massiivipuu- ja alumiiniprofiilin tyyppej\u00e4. [&hellip;]","og_url":"https:\/\/merianto.com\/fi\/seinat-ja-ovet-4\/","og_site_name":"Merianto","twitter_card":"summary_large_image","twitter_misc":{"Arvioitu lukuaika":"1 minuutti"},"schema":{"@context":"https:\/\/schema.org","@graph":[{"@type":"WebPage","@id":"https:\/\/merianto.com\/fi\/seinat-ja-ovet-4\/","url":"https:\/\/merianto.com\/fi\/seinat-ja-ovet-4\/","name":"Sein\u00e4t ja ovet - Merianto","isPartOf":{"@id":"https:\/\/merianto.com\/#website"},"datePublished":"2026-02-20T16:42:15+00:00","breadcrumb":{"@id":"https:\/\/merianto.com\/fi\/seinat-ja-ovet-4\/#breadcrumb"},"inLanguage":"fi","potentialAction":[{"@type":"ReadAction","target":["https:\/\/merianto.com\/fi\/seinat-ja-ovet-4\/"]}]},{"@type":"BreadcrumbList","@id":"https:\/\/merianto.com\/fi\/seinat-ja-ovet-4\/#breadcrumb","itemListElement":[{"@type":"ListItem","position":1,"name":"Home","item":"https:\/\/merianto.com\/fi\/kotisivu\/"},{"@type":"ListItem","position":2,"name":"Sein\u00e4t ja ovet"}]},{"@type":"WebSite","@id":"https:\/\/merianto.com\/#website","url":"https:\/\/merianto.com\/","name":"Merianto","description":"M\u00f6\u00f6bli ja sisustuse terviklahenduste juhtimine ja elluviimine","publisher":{"@id":"https:\/\/merianto.com\/#organization"},"potentialAction":[{"@type":"SearchAction","target":{"@type":"EntryPoint","urlTemplate":"https:\/\/merianto.com\/?s={search_term_string}"},"query-input":{"@type":"PropertyValueSpecification","valueRequired":true,"valueName":"search_term_string"}}],"inLanguage":"fi"},{"@type":"Organization","@id":"https:\/\/merianto.com\/#organization","name":"Merianto O\u00dc","url":"https:\/\/merianto.com\/","logo":{"@type":"ImageObject","inLanguage":"fi","@id":"https:\/\/merianto.com\/#\/schema\/logo\/image\/","url":"https:\/\/merianto.com\/wp-content\/uploads\/2022\/09\/Merianto_logo_rohvalge.svg","contentUrl":"https:\/\/merianto.com\/wp-content\/uploads\/2022\/09\/Merianto_logo_rohvalge.svg","width":1042,"height":284,"caption":"Merianto O\u00dc"},"image":{"@id":"https:\/\/merianto.com\/#\/schema\/logo\/image\/"}}]}},"_links":{"self":[{"href":"https:\/\/merianto.com\/fi\/wp-json\/wp\/v2\/pages\/11109","targetHints":{"allow":["GET"]}}],"collection":[{"href":"https:\/\/merianto.com\/fi\/wp-json\/wp\/v2\/pages"}],"about":[{"href":"https:\/\/merianto.com\/fi\/wp-json\/wp\/v2\/types\/page"}],"author":[{"embeddable":true,"href":"https:\/\/merianto.com\/fi\/wp-json\/wp\/v2\/users\/4"}],"replies":[{"embeddable":true,"href":"https:\/\/merianto.com\/fi\/wp-json\/wp\/v2\/comments?post=11109"}],"version-history":[{"count":1,"href":"https:\/\/merianto.com\/fi\/wp-json\/wp\/v2\/pages\/11109\/revisions"}],"predecessor-version":[{"id":11112,"href":"https:\/\/merianto.com\/fi\/wp-json\/wp\/v2\/pages\/11109\/revisions\/11112"}],"wp:attachment":[{"href":"https:\/\/merianto.com\/fi\/wp-json\/wp\/v2\/media?parent=11109"}],"curies":[{"name":"wp","href":"https:\/\/api.w.org\/{rel}","templated":true}]}}